{"id":191,"date":"2023-11-19T16:34:09","date_gmt":"2023-11-19T16:34:09","guid":{"rendered":"http:\/\/www.almaruralbodega.com\/?page_id=191"},"modified":"2025-08-07T12:02:19","modified_gmt":"2025-08-07T12:02:19","slug":"politica-de-privacidad","status":"publish","type":"page","link":"https:\/\/www.almaruralbodega.com\/index.php\/politica-de-privacidad\/","title":{"rendered":"POL\u00cdTICA DE PRIVACIDAD"},"content":{"rendered":"\t\t<div data-elementor-type=\"wp-page\" data-elementor-id=\"191\" class=\"elementor elementor-191\" data-elementor-post-type=\"page\">\n\t\t\t\t<div class=\"elementor-element elementor-element-a66a0d7 e-flex e-con-boxed e-con e-parent\" data-id=\"a66a0d7\" data-element_type=\"container\" data-e-type=\"container\" data-settings=\"{&quot;background_background&quot;:&quot;gradient&quot;}\">\n\t\t\t\t\t<div class=\"e-con-inner\">\n\t\t\t\t<div class=\"elementor-element elementor-element-d38d3d1 elementor-widget elementor-widget-heading\" data-id=\"d38d3d1\" data-element_type=\"widget\" data-e-type=\"widget\" data-widget_type=\"heading.default\">\n\t\t\t\t<div class=\"elementor-widget-container\">\n\t\t\t\t\t<h2 class=\"elementor-heading-title elementor-size-default\">Pol\u00edtica de privacidad<\/h2>\t\t\t\t<\/div>\n\t\t\t\t<\/div>\n\t\t\t\t\t<\/div>\n\t\t\t\t<\/div>\n\t\t<div class=\"elementor-element elementor-element-1ff5361 e-flex e-con-boxed e-con e-parent\" data-id=\"1ff5361\" data-element_type=\"container\" data-e-type=\"container\" data-settings=\"{&quot;background_background&quot;:&quot;gradient&quot;}\">\n\t\t\t\t\t<div class=\"e-con-inner\">\n\t\t\t\t<div class=\"elementor-element elementor-element-9e5f195 elementor-widget elementor-widget-text-editor\" data-id=\"9e5f195\" data-element_type=\"widget\" data-e-type=\"widget\" data-widget_type=\"text-editor.default\">\n\t\t\t\t<div class=\"elementor-widget-container\">\n\t\t\t\t\t\t\t\t\t<p>\u00a0<\/p><p>Fecha de entrada en vigencia: 22 de noviembre del 2023<\/p><ol><li><strong>RESPONSABLES DE TRATAMIENTO<\/strong><\/li><\/ol><p style=\"font-weight: 400;\">BODEGA ALMA RURAL S.L., con CIF: B56691751 direcci\u00f3n postal: Paraje de La Guija, pol\u00edgono 9, parcela 40 05112 Navatalgordo (\u00c1vila)<\/p><p style=\"font-weight: 400;\">Correo electr\u00f3nico: contacto@almaruralbodega.com<\/p><ol start=\"2\"><li><strong>FINALIDAD DEL TRATAMIENTO Y LEGITIMACI\u00d3N<\/strong><\/li><\/ol><p style=\"font-weight: 400;\">BODEGA ALMA RURAL S.L. trata sus datos personales para distintas finalidades. As\u00ed, los datos recabados a trav\u00e9s de la p\u00e1gina web son tratados con la finalidad de obtener datos estad\u00edsticos relativos al tr\u00e1fico de la p\u00e1gina web, basando el tratamiento en los intereses leg\u00edtimos propios.<\/p><p style=\"font-weight: 400;\">Si ha solicitado informaci\u00f3n, ALMA RURAL BODEGA S.L. tratar\u00e1 sus datos para tramitar las solicitudes de informaci\u00f3n planteadas por los propios interesados a trav\u00e9s del formulario habilitado a tal fin o, en su defecto, en el correo electr\u00f3nico indicado en la p\u00e1gina web. Este tratamiento se legitima mediante el consentimiento otorgado por el interesado.<\/p><p style=\"font-weight: 400;\">En caso de que haya proporcionado su curr\u00edculum, este ser\u00e1 tratado con la finalidad de gestionar su candidatura para futuros puestos de selecci\u00f3n que puedan surgir en la compa\u00f1\u00eda y que se ajusten a su perfil, legitimando el tratamiento en el consentimiento del interesado.<\/p><p style=\"font-weight: 400;\">Ser\u00e1 necesario que nos facilite todos los datos personales que se identifican como obligatorios tanto en el formulario de contacto.<\/p><p style=\"font-weight: 400;\">En caso de que no nos facilite los datos solicitados e identificados como obligatorios, ello podr\u00eda afectar a las finalidades arriba descritas.<\/p><p style=\"font-weight: 400;\">No realizaremos decisiones individualizadas automatizadas y\/o elaboraci\u00f3n de perfiles, que produzcan efectos jur\u00eddicos o le afecten significativamente de modo similar<\/p><p style=\"font-weight: 400;\">Los datos personales proporcionados se conservar\u00e1n durante el plazo necesario para llevar a cabo los fines del tratamiento.<\/p><ol start=\"3\"><li style=\"font-weight: 400;\"><strong>DESTINATARIOS DE COMUNICACIONES DE DATOS<\/strong><\/li><\/ol><p style=\"font-weight: 400;\">Si para proporcionarle la informaci\u00f3n, productos o servicios que usted nos requiera tuvi\u00e9ramos que recurrir a otras empresas (Correos o una empresa de mensajer\u00eda o transportes, por ejemplo), s\u00f3lo se les proporcionar\u00e1 la informaci\u00f3n estrictamente imprescindible para que realicen su cometido y se les proh\u00edbe utilizar esa informaci\u00f3n con ninguna otra finalidad.<\/p><p style=\"font-weight: 400;\">BODEGA ALMA RURAL S.L. no comunicar\u00e1 sus datos a ning\u00fan tercero, salvo obligaci\u00f3n legal o en los casos anteriormente descritos, y previa autorizaci\u00f3n por su parte.<\/p><ol start=\"4\"><li style=\"font-weight: 400;\"><strong>DESTINATARIOS DE TRANSFERENCIAS INTERNACIONALES<\/strong><\/li><\/ol><p style=\"font-weight: 400;\">Sus datos de car\u00e1cter personal no ser\u00e1n transferidos a terceros pa\u00edses u organizaciones internacionales.<\/p><ol start=\"5\"><li style=\"font-weight: 400;\"><strong>DERECHOS DEL INTERESADO<\/strong><\/li><\/ol><p style=\"font-weight: 400;\">Cualquier interesado tiene derecho a obtener confirmaci\u00f3n sobre la existencia, o no, de un tratamiento de sus datos personales.<\/p><p style=\"font-weight: 400;\">Asimismo, el Reglamento General de Protecci\u00f3n de datos, estipula como derechos del interesado:<\/p><ul><li style=\"font-weight: 400;\">Acceder a sus datos<\/li><li style=\"font-weight: 400;\">Solicitar la rectificaci\u00f3n o supresi\u00f3n de sus datos<\/li><li style=\"font-weight: 400;\">Solicitar la limitaci\u00f3n del tratamiento de sus datos<\/li><li style=\"font-weight: 400;\">A la portabilidad de sus datos<\/li><li style=\"font-weight: 400;\">Oponerse al tratamiento de sus datos<\/li><\/ul><p style=\"font-weight: 400;\">Responderemos a sus peticiones a la mayor brevedad posible y, en todo caso, en el plazo de un mes desde la recepci\u00f3n de su solicitud. Dicho plazo podr\u00e1 prorrogarse otros dos meses en caso necesario, teniendo en cuenta la complejidad y el n\u00famero de solicitudes. El responsable informar\u00e1 al interesado de la pr\u00f3rroga dentro del primer mes desde la solicitud.<\/p><p style=\"font-weight: 400;\">Usted tiene la posibilidad y el derecho a retirar el consentimiento en cualquier momento, sin que ello afecte a la licitud del tratamiento basado en el consentimiento previo a su retirada.<\/p><p style=\"font-weight: 400;\">Para el ejercicio de los derechos reconocidos, el interesado podr\u00e1 ponerse en contacto a trav\u00e9s de la siguiente direcci\u00f3n de correo electr\u00f3nico contacto@almaruralbodega.com o dirigiendo un escrito al domicilio social de la BODEGA ALMA RURAL S.L. incluyendo en ambos casos fotocopia de su DNI u otro documento de identificaci\u00f3n equivalente.<\/p><p style=\"font-weight: 400;\">En la p\u00e1gina web de la autoridad de control nacional, Agencia Espa\u00f1ola de Protecci\u00f3n de Datos, en adelante, AEPD (www.agpd.es) puede encontrar modelos, formularios y m\u00e1s informaci\u00f3n disponible sobre sus derechos.<\/p><p style=\"font-weight: 400;\">Si alg\u00fan interesado considera que sus datos no son tratados correctamente por BODEGA ALMA RURAL S.L. puede dirigir sus reclamaciones al correo contacto@almaruralbodega.com o a la autoridad de protecci\u00f3n de datos que corresponda, siendo la AEPD la indicada en el territorio nacional, www.agpd.es.<\/p><p style=\"font-weight: 400;\"><strong>CONFIDENCIALIDAD<\/strong><\/p><p style=\"font-weight: 400;\">BODEGA ALMA RURAL S.L. le informa que sus datos ser\u00e1n tratados con el m\u00e1ximo celo y confidencialidad por todo el personal que intervenga en cualquiera de las fases del tratamiento. No cederemos ni comunicaremos a ning\u00fan tercero sus datos, excepto en los casos legalmente previstos, o salvo que el interesado nos hubiera autorizado expresamente.<\/p>\t\t\t\t\t\t\t\t<\/div>\n\t\t\t\t<\/div>\n\t\t\t\t\t<\/div>\n\t\t\t\t<\/div>\n\t\t<div class=\"elementor-element elementor-element-7d90e62 e-flex e-con-boxed e-con e-parent\" data-id=\"7d90e62\" data-element_type=\"container\" data-e-type=\"container\">\n\t\t\t\t\t<div class=\"e-con-inner\">\n\t\t\t\t<div class=\"elementor-element elementor-element-6b6ce01 elementor-align-center elementor-widget elementor-widget-button\" data-id=\"6b6ce01\" data-element_type=\"widget\" data-e-type=\"widget\" data-widget_type=\"button.default\">\n\t\t\t\t<div class=\"elementor-widget-container\">\n\t\t\t\t\t\t\t\t\t<div class=\"elementor-button-wrapper\">\n\t\t\t\t\t<a class=\"elementor-button elementor-button-link elementor-size-sm\" href=\"https:\/\/www.almaruralbodega.com\">\n\t\t\t\t\t\t<span class=\"elementor-button-content-wrapper\">\n\t\t\t\t\t\t\t\t\t<span class=\"elementor-button-text\">S\u00c1CAME DE AQU\u00cd<\/span>\n\t\t\t\t\t<\/span>\n\t\t\t\t\t<\/a>\n\t\t\t\t<\/div>\n\t\t\t\t\t\t\t\t<\/div>\n\t\t\t\t<\/div>\n\t\t\t\t\t<\/div>\n\t\t\t\t<\/div>\n\t\t\t\t<\/div>\n\t\t","protected":false},"excerpt":{"rendered":"<p>Pol\u00edtica de privacidad \u00a0 Fecha de entrada en vigencia: 22 de noviembre del 2023 RESPONSABLES DE TRATAMIENTO BODEGA ALMA RURAL S.L., con CIF: B56691751 direcci\u00f3n postal: Paraje de La Guija, pol\u00edgono 9, parcela 40 05112 Navatalgordo (\u00c1vila) Correo electr\u00f3nico: contacto@almaruralbodega.com FINALIDAD DEL TRATAMIENTO Y LEGITIMACI\u00d3N BODEGA ALMA RURAL S.L. trata sus datos personales para distintas [&hellip;]<\/p>\n","protected":false},"author":1,"featured_media":0,"parent":0,"menu_order":0,"comment_status":"closed","ping_status":"closed","template":"","meta":{"_uag_custom_page_level_css":"","site-sidebar-layout":"no-sidebar","site-content-layout":"","ast-site-content-layout":"full-width-container","site-content-style":"default","site-sidebar-style":"default","ast-global-header-display":"","ast-banner-title-visibility":"","ast-main-header-display":"","ast-hfb-above-header-display":"","ast-hfb-below-header-display":"","ast-hfb-mobile-header-display":"","site-post-title":"disabled","ast-breadcrumbs-content":"","ast-featured-img":"disabled","footer-sml-layout":"","ast-disable-related-posts":"","theme-transparent-header-meta":"","adv-header-id-meta":"","stick-header-meta":"","header-above-stick-meta":"","header-main-stick-meta":"","header-below-stick-meta":"","astra-migrate-meta-layouts":"default","ast-page-background-enabled":"default","ast-page-background-meta":{"desktop":{"background-color":"var(--ast-global-color-4)","background-image":"","background-repeat":"repeat","background-position":"center center","background-size":"auto","background-attachment":"scroll","background-type":"","background-media":"","overlay-type":"","overlay-color":"","overlay-opacity":"","overlay-gradient":""},"tablet":{"background-color":"","background-image":"","background-repeat":"repeat","background-position":"center center","background-size":"auto","background-attachment":"scroll","background-type":"","background-media":"","overlay-type":"","overlay-color":"","overlay-opacity":"","overlay-gradient":""},"mobile":{"background-color":"","background-image":"","background-repeat":"repeat","background-position":"center center","background-size":"auto","background-attachment":"scroll","background-type":"","background-media":"","overlay-type":"","overlay-color":"","overlay-opacity":"","overlay-gradient":""}},"ast-content-background-meta":{"desktop":{"background-color":"var(--ast-global-color-5)","background-image":"","background-repeat":"repeat","background-position":"center center","background-size":"auto","background-attachment":"scroll","background-type":"","background-media":"","overlay-type":"","overlay-color":"","overlay-opacity":"","overlay-gradient":""},"tablet":{"background-color":"var(--ast-global-color-5)","background-image":"","background-repeat":"repeat","background-position":"center center","background-size":"auto","background-attachment":"scroll","background-type":"","background-media":"","overlay-type":"","overlay-color":"","overlay-opacity":"","overlay-gradient":""},"mobile":{"background-color":"var(--ast-global-color-5)","background-image":"","background-repeat":"repeat","background-position":"center center","background-size":"auto","background-attachment":"scroll","background-type":"","background-media":"","overlay-type":"","overlay-color":"","overlay-opacity":"","overlay-gradient":""}},"footnotes":""},"class_list":["post-191","page","type-page","status-publish","hentry"],"uagb_featured_image_src":{"full":false,"thumbnail":false,"medium":false,"medium_large":false,"large":false,"1536x1536":false,"2048x2048":false},"uagb_author_info":{"display_name":"Bodega Alma Rural","author_link":"https:\/\/www.almaruralbodega.com\/index.php\/author\/admin\/"},"uagb_comment_info":0,"uagb_excerpt":"Pol\u00edtica de privacidad \u00a0 Fecha de entrada en vigencia: 22 de noviembre del 2023 RESPONSABLES DE TRATAMIENTO BODEGA ALMA RURAL S.L., con CIF: B56691751 direcci\u00f3n postal: Paraje de La Guija, pol\u00edgono 9, parcela 40 05112 Navatalgordo (\u00c1vila) Correo electr\u00f3nico: contacto@almaruralbodega.com FINALIDAD DEL TRATAMIENTO Y LEGITIMACI\u00d3N BODEGA ALMA RURAL S.L. trata sus datos personales para distintas&hellip;","rttpg_featured_image_url":null,"rttpg_author":{"display_name":"Bodega Alma Rural","author_link":"https:\/\/www.almaruralbodega.com\/index.php\/author\/admin\/"},"rttpg_comment":0,"rttpg_category":null,"rttpg_excerpt":"Pol\u00edtica de privacidad \u00a0 Fecha de entrada en vigencia: 22 de noviembre del 2023 RESPONSABLES DE TRATAMIENTO BODEGA ALMA RURAL S.L., con CIF: B56691751 direcci\u00f3n postal: Paraje de La Guija, pol\u00edgono 9, parcela 40 05112 Navatalgordo (\u00c1vila) Correo electr\u00f3nico: contacto@almaruralbodega.com FINALIDAD DEL TRATAMIENTO Y LEGITIMACI\u00d3N BODEGA ALMA RURAL S.L. trata sus datos personales para distintas&hellip;","_links":{"self":[{"href":"https:\/\/www.almaruralbodega.com\/index.php\/wp-json\/wp\/v2\/pages\/191","targetHints":{"allow":["GET"]}}],"collection":[{"href":"https:\/\/www.almaruralbodega.com\/index.php\/wp-json\/wp\/v2\/pages"}],"about":[{"href":"https:\/\/www.almaruralbodega.com\/index.php\/wp-json\/wp\/v2\/types\/page"}],"author":[{"embeddable":true,"href":"https:\/\/www.almaruralbodega.com\/index.php\/wp-json\/wp\/v2\/users\/1"}],"replies":[{"embeddable":true,"href":"https:\/\/www.almaruralbodega.com\/index.php\/wp-json\/wp\/v2\/comments?post=191"}],"version-history":[{"count":37,"href":"https:\/\/www.almaruralbodega.com\/index.php\/wp-json\/wp\/v2\/pages\/191\/revisions"}],"predecessor-version":[{"id":1017,"href":"https:\/\/www.almaruralbodega.com\/index.php\/wp-json\/wp\/v2\/pages\/191\/revisions\/1017"}],"wp:attachment":[{"href":"https:\/\/www.almaruralbodega.com\/index.php\/wp-json\/wp\/v2\/media?parent=191"}],"curies":[{"name":"wp","href":"https:\/\/api.w.org\/{rel}","templated":true}]}}