{"id":202,"date":"2023-11-19T16:34:14","date_gmt":"2023-11-19T16:34:14","guid":{"rendered":"http:\/\/www.almaruralbodega.com\/?page_id=202"},"modified":"2025-08-04T12:25:31","modified_gmt":"2025-08-04T12:25:31","slug":"aviso-legal","status":"publish","type":"page","link":"https:\/\/www.almaruralbodega.com\/index.php\/aviso-legal\/","title":{"rendered":"AVISO LEGAL"},"content":{"rendered":"\t\t<div data-elementor-type=\"wp-page\" data-elementor-id=\"202\" class=\"elementor elementor-202\" data-elementor-post-type=\"page\">\n\t\t\t\t<div class=\"elementor-element elementor-element-4d1c99a e-flex e-con-boxed e-con e-parent\" data-id=\"4d1c99a\" data-element_type=\"container\" data-e-type=\"container\">\n\t\t\t\t\t<div class=\"e-con-inner\">\n\t\t<div class=\"elementor-element elementor-element-bd3e064 e-flex e-con-boxed e-con e-child\" data-id=\"bd3e064\" data-element_type=\"container\" data-e-type=\"container\" data-settings=\"{&quot;background_background&quot;:&quot;gradient&quot;}\">\n\t\t\t\t\t<div class=\"e-con-inner\">\n\t\t\t\t<div class=\"elementor-element elementor-element-fec42cc elementor-widget elementor-widget-heading\" data-id=\"fec42cc\" data-element_type=\"widget\" data-e-type=\"widget\" data-widget_type=\"heading.default\">\n\t\t\t\t<div class=\"elementor-widget-container\">\n\t\t\t\t\t<h2 class=\"elementor-heading-title elementor-size-default\">Aviso legal<\/h2>\t\t\t\t<\/div>\n\t\t\t\t<\/div>\n\t\t\t\t\t<\/div>\n\t\t\t\t<\/div>\n\t\t\t\t\t<\/div>\n\t\t\t\t<\/div>\n\t\t<div class=\"elementor-element elementor-element-1c41e0a e-flex e-con-boxed e-con e-parent\" data-id=\"1c41e0a\" data-element_type=\"container\" data-e-type=\"container\">\n\t\t\t\t\t<div class=\"e-con-inner\">\n\t\t<div class=\"elementor-element elementor-element-ecaa5c7 e-flex e-con-boxed e-con e-child\" data-id=\"ecaa5c7\" data-element_type=\"container\" data-e-type=\"container\" data-settings=\"{&quot;background_background&quot;:&quot;gradient&quot;}\">\n\t\t\t\t\t<div class=\"e-con-inner\">\n\t\t\t\t<div class=\"elementor-element elementor-element-9fe4012 elementor-widget elementor-widget-text-editor\" data-id=\"9fe4012\" data-element_type=\"widget\" data-e-type=\"widget\" data-widget_type=\"text-editor.default\">\n\t\t\t\t<div class=\"elementor-widget-container\">\n\t\t\t\t\t\t\t\t\t<p>\u00a0<\/p><p style=\"font-weight: 400;\"><strong>DATOS IDENTIFICATIVOS<\/strong><\/p><p style=\"font-weight: 400;\">Usted est\u00e1 visitando la p\u00e1gina web https:\/\/www.almaruralbodega.com, titularidad de ALMA RURAL BODEGA S.L., con domicilio social en: Paraje de La Guija, pol\u00edgono 9, parcela 40 05112 Navatalgordo (\u00c1vila) con pa\u00eds del domicilio fiscal del comercio: Espa\u00f1a con C.I.F. n\u00famero B56691751. En adelante, ALMA RURAL.<\/p><p style=\"font-weight: 400;\">Puede contactar con ALMA RURAL por c<span style=\"font-size: 16px;\">orreo electr\u00f3nico: contacto@almaruralbodega.com<\/span><\/p><p style=\"font-weight: 400;\"><strong>USUARIOS<\/strong><\/p><p style=\"font-weight: 400;\">Las presentes condiciones (en adelante, \u201cAviso Legal\u201d) tiene por finalidad regular el uso de la p\u00e1gina web de la bodega que pone a disposici\u00f3n del p\u00fablico.<\/p><p style=\"font-weight: 400;\">El acceso y\/o uso de esta p\u00e1gina web atribuye la condici\u00f3n de USUARIO, que acepta, desde dicho acceso y\/o uso, las condiciones generales de uso aqu\u00ed reflejadas. Las citadas condiciones ser\u00e1n de aplicaci\u00f3n independientemente de las condiciones generales de contrataci\u00f3n que en su caso resulten de obligado cumplimiento.<\/p><p style=\"font-weight: 400;\"><strong>USO DEL PORTAL<\/strong><\/p><p style=\"font-weight: 400;\">https:\/\/www.almaruralbodega.com proporciona el acceso a multitud de informaciones, servicios, programas o datos (en adelante, los \u201ccontenidos\u201d) en Internet pertenecientes a la bodega o a sus licenciantes a los que el USUARIO puede tener acceso.<\/p><p style=\"font-weight: 400;\">El usuario asume la responsabilidad del uso del portal. Dicha responsabilidad se extiende al registro que fuese necesario para acceder a determinados servicios o contenidos. En dicho registro el USUARIO ser\u00e1 responsable de aportar informaci\u00f3n veraz y l\u00edcita. Como consecuencia de este registro, al USUARIO se le puede proporcionar una contrase\u00f1a de la que ser\u00e1 responsable, comprometi\u00e9ndose a hacer un uso diligente y confidencial de la misma.<\/p><p style=\"font-weight: 400;\">El USUARIO se compromete a hacer un uso adecuado de los contenidos y servicios que la bodega ofrece a trav\u00e9s de su portal y con car\u00e1cter enunciativo pero no limitativo, a no emplearlos para: Incurrir en actividades il\u00edcitas, ilegales o contrarias a la buena fe y al orden p\u00fablico. Difundir contenidos o propaganda racista, xen\u00f3foba, pornogr\u00e1fico-ilegal, de apolog\u00eda del terrorismo o atentatoria contra los derechos humanos.<\/p><p style=\"font-weight: 400;\">Provocar da\u00f1os en los sistemas f\u00edsicos y l\u00f3gicos de BODEGA ALMA RURAL S,L, de sus proveedores o de terceras personas, introducir o difundir en la red virus inform\u00e1ticos o cualesquiera otros sistemas f\u00edsicos o l\u00f3gicos que sean susceptibles de provocar los da\u00f1os anteriormente mencionados.<\/p><p style=\"font-weight: 400;\">Intentar acceder y, en su caso, utilizar las cuentas de correo electr\u00f3nico de otros usuarios y modificar o manipular sus mensajes.<\/p><p style=\"font-weight: 400;\">Utilizar el sitio web ni las informaciones que en \u00e9l se contienen con fines comerciales, pol\u00edticos, publicitarios y para cualquier uso comercial, sobre todo en el env\u00edo de correos electr\u00f3nicos no solicitados.<\/p><p style=\"font-weight: 400;\">La bodega se reserva el derecho a retirar todos aquellos comentarios y aportaciones que vulneren el respeto a la dignidad de la persona, que sean discriminatorios, xen\u00f3fobos, racistas pornogr\u00e1ficos, que atenten contra la juventud o la infancia, el orden o la seguridad p\u00fablica o que, a su juicio, no resultaran adecuados para su publicaci\u00f3n. En cualquier caso, la bodega no ser\u00e1 responsable de las opiniones vertidas por los usuarios a trav\u00e9s de los foros, chats u otras herramientas de participaci\u00f3n.<\/p><p style=\"font-weight: 400;\"><strong>PROTECCI\u00d3N DE DATOS<\/strong><\/p><p style=\"font-weight: 400;\">Todo lo relativo a la pol\u00edtica de protecci\u00f3n de datos se encuentra recogido en el documento de pol\u00edtica de privacidad.<\/p><p style=\"font-weight: 400;\">Contenidos. Propiedad intelectual e industrial<\/p><p style=\"font-weight: 400;\">La bodega es propietaria de todos los derechos de propiedad intelectual e industrial de su p\u00e1gina web, as\u00ed como de los elementos contenidos en la misma (a t\u00edtulo enunciativo: im\u00e1genes, fotograf\u00edas, sonido, audio, v\u00eddeo, software o textos, marcas o logotipos, combinaciones de colores, estructura y dise\u00f1o, selecci\u00f3n de materiales usados, programas de ordenador necesarios para su funcionamiento, acceso y uso, etc.), titularidad de la bodega o bien de sus licenciantes.<\/p><p style=\"font-weight: 400;\">Todos los derechos reservados: En virtud de lo dispuesto en los art\u00edculos 8 y 32.1, p\u00e1rrafo segundo, de la Ley de Propiedad Intelectual, quedan expresamente prohibidas la reproducci\u00f3n, la distribuci\u00f3n y la comunicaci\u00f3n p\u00fablica, incluida su modalidad de puesta a disposici\u00f3n, de la totalidad o parte de los contenidos de esta p\u00e1gina web, con fines comerciales, en cualquier soporte y por cualquier medio t\u00e9cnico, sin la autorizaci\u00f3n de la bodega.<\/p><p style=\"font-weight: 400;\"><strong>EXCLUSI\u00d3N DE GARANT\u00cdAS Y RESPONSABILIDADES<\/strong><\/p><p style=\"font-weight: 400;\">El USUARIO reconoce que la utilizaci\u00f3n de la p\u00e1gina web y de sus contenidos y servicios se desarrolla bajo su exclusiva responsabilidad. En concreto, a t\u00edtulo meramente enunciativo, la bodega no asume ninguna responsabilidad en los siguientes \u00e1mbitos:<\/p><p style=\"font-weight: 400;\">La disponibilidad del funcionamiento de la p\u00e1gina web, sus servicios y contenidos y su calidad o interoperabilidad.<\/p><p style=\"font-weight: 400;\">La finalidad para la que la p\u00e1gina web sirva a los objetivos del USUARIO.<\/p><p style=\"font-weight: 400;\">La infracci\u00f3n de la legislaci\u00f3n vigente por parte del USUARIO o terceros y, en concreto, de los derechos de propiedad intelectual e industrial que sean titularidad de otras personas o entidades.<\/p><p style=\"font-weight: 400;\">La existencia de c\u00f3digos maliciosos o cualquier otro elemento inform\u00e1tico da\u00f1ino que pudiera causar el sistema inform\u00e1tico del USUARIO o de terceros. Corresponde al USUARIO, en todo caso, disponer de herramientas adecuadas para la detecci\u00f3n y desinfecci\u00f3n de estos elementos.<\/p><p style=\"font-weight: 400;\">El acceso fraudulento a los contenidos o servicios por terceos no autorizados o, en su caso, la captura, eliminaci\u00f3n, alteraci\u00f3n, modificaci\u00f3n o manipulaci\u00f3n de los mensajes y comunicaciones de cualquier clase que dichos terceros pudieran realizar.<\/p><p style=\"font-weight: 400;\">La exactitud, veracidad, actualidad y utilidad de los contenidos y servicios ofrecidos y la utilizaci\u00f3n posterior que de ellos haga el USUARIO. La bodega emplear\u00e1 todos los esfuerzos y medios razonables para facilitar la informaci\u00f3n actualizada y fehaciente.<\/p><p style=\"font-weight: 400;\">Los da\u00f1os producidos a equipos inform\u00e1ticos durante el acceso a la p\u00e1gina web y los da\u00f1os producidos a los USUARIOS cuando tengan su origen en fallos o desconexiones en las redes de telecomunicaciones que interrumpan el servicio.<\/p><p style=\"font-weight: 400;\">Los da\u00f1os o perjuicios que se deriven de circunstancias acaecidas por caso fortuito o fuerza mayor. En caso de que existan foros, en el uso de los mismos u otros espacios an\u00e1logos, ha de tenerse en cuenta que los mensajes reflejen \u00fanicamente la opini\u00f3n del USUARIO que los remite, que es el \u00fanico responsable. La bodega no se hace responsable del contenido del los mensajes enviados por el USUARIO.<\/p><p style=\"font-weight: 400;\"><strong>Modificaci\u00f3n de este aviso legal y duraci\u00f3n<\/strong><\/p><p style=\"font-weight: 400;\">La bodega se reserva el derecho de efectuar sin previo aviso las modificaciones que considere oportunas en su portal, pudiendo cambiar, suprimir o a\u00f1adir tantos contenidos y servicios que se presten a trav\u00e9s de la misma, como la forma en la que \u00e9stos aparezcan representados o localizados en su portal.<\/p><p style=\"font-weight: 400;\">La vigencia de las citadas condiciones ir\u00e1 en funci\u00f3n de su exposici\u00f3n y estar\u00e1n vigentes hasta que sean modificadas por otras debidamente publicadas.<\/p><p style=\"font-weight: 400;\"><strong>ENLACES<\/strong><\/p><p style=\"font-weight: 400;\">En el caso de que en https:\/\/www.almaruralbodega.com, se incluyesen enlaces o hiperv\u00ednculos hacia otros sitios de Internet, la bodega no ejercer\u00e1 ning\u00fan tipo de control sobre dichos sitios y contenidos. En ning\u00fan caso la bodega asumir\u00e1 responsabilidad alguna por los contenidos de alg\u00fan enlace perteneciente a un sitio web ajeno, ni garantizar\u00e1 la disponibilidad t\u00e9cnica, calidad, fiabilidad, exactitud, amplitud, veracidad, validez y constitucionalidad de cualquier materia o informaci\u00f3n contenida en ninguno de dichos hiperv\u00ednculos y otros sitios en Internet. Igualmente, la inclusi\u00f3n de estas conexiones externas no implicar\u00e1 ning\u00fan tipo de asociaci\u00f3n, fusi\u00f3n o participaci\u00f3n con las entidades conectadas.<\/p><p style=\"font-weight: 400;\"><strong>DERECHOS DE EXCLUSI\u00d3N<\/strong><\/p><p style=\"font-weight: 400;\">La bodega se reserva el derecho a denegar o retirar el acceso a portal y\/o los servicios ofrecidos sin necesidad de advertencia previa, a instancia propia o de un tercero, a aquellos usuarios que incumplan el contenido de este aviso legal.<\/p><p style=\"font-weight: 400;\"><strong>Generalidades<\/strong><\/p><p style=\"font-weight: 400;\">La bodega perseguir\u00e1 el incumplimiento de las presentes condiciones as\u00ed como cualquier utilizaci\u00f3n indebida de su portal ejerciendo todas las acciones civiles y penales que le puedan corresponder en derecho.<\/p><p style=\"font-weight: 400;\"><strong>LEGISLACI\u00d3N APLICABLE Y JURISDICCI\u00d3N<\/strong><\/p><p style=\"font-weight: 400;\">La relaci\u00f3n entre la bodega y el USUARIO se regir\u00e1 por la normativa espa\u00f1ola vigente. Todas las disputas y reclamaciones derivadas de este aviso legal se resolver\u00e1n por los Juzgados y Tribunales espa\u00f1oles.<\/p><p style=\"font-weight: 400;\"><strong>MENORES DE EDAD<\/strong><\/p><p style=\"font-weight: 400;\">https:\/\/www.almaruralbodega.com dirige sus servicios a usuarios mayores de 18 a\u00f1os. Los menores de esta edad no est\u00e1n autorizados a utilizar nuestros servicios y no deber\u00e1n, por tanto, enviarnos sus datos personales. Informamos de que si se da tal circunstancia, ALMA RURAL BODEGA S,L, no se hace responsable de las posibles consecuencias que pudieran derivarse del incumplimiento del aviso que en esta misma cl\u00e1usula se establece.<\/p><p style=\"font-weight: 400;\">\u00a0<\/p>\t\t\t\t\t\t\t\t<\/div>\n\t\t\t\t<\/div>\n\t\t\t\t\t<\/div>\n\t\t\t\t<\/div>\n\t\t\t\t\t<\/div>\n\t\t\t\t<\/div>\n\t\t<div class=\"elementor-element elementor-element-3b06519 e-flex e-con-boxed e-con e-parent\" data-id=\"3b06519\" data-element_type=\"container\" data-e-type=\"container\">\n\t\t\t\t\t<div class=\"e-con-inner\">\n\t\t<div class=\"elementor-element elementor-element-ba7cbd4 e-flex e-con-boxed e-con e-child\" data-id=\"ba7cbd4\" data-element_type=\"container\" data-e-type=\"container\">\n\t\t\t\t\t<div class=\"e-con-inner\">\n\t\t\t\t<div class=\"elementor-element elementor-element-facdcf8 elementor-align-center elementor-widget elementor-widget-button\" data-id=\"facdcf8\" data-element_type=\"widget\" data-e-type=\"widget\" data-widget_type=\"button.default\">\n\t\t\t\t<div class=\"elementor-widget-container\">\n\t\t\t\t\t\t\t\t\t<div class=\"elementor-button-wrapper\">\n\t\t\t\t\t<a class=\"elementor-button elementor-button-link elementor-size-sm\" href=\"https:\/\/www.almaruralbodega.com\">\n\t\t\t\t\t\t<span class=\"elementor-button-content-wrapper\">\n\t\t\t\t\t\t\t\t\t<span class=\"elementor-button-text\">S\u00c1CAME DE AQU\u00cd<\/span>\n\t\t\t\t\t<\/span>\n\t\t\t\t\t<\/a>\n\t\t\t\t<\/div>\n\t\t\t\t\t\t\t\t<\/div>\n\t\t\t\t<\/div>\n\t\t\t\t\t<\/div>\n\t\t\t\t<\/div>\n\t\t\t\t\t<\/div>\n\t\t\t\t<\/div>\n\t\t\t\t<\/div>\n\t\t","protected":false},"excerpt":{"rendered":"<p>Aviso legal \u00a0 DATOS IDENTIFICATIVOS Usted est\u00e1 visitando la p\u00e1gina web https:\/\/www.almaruralbodega.com, titularidad de ALMA RURAL BODEGA S.L., con domicilio social en: Paraje de La Guija, pol\u00edgono 9, parcela 40 05112 Navatalgordo (\u00c1vila) con pa\u00eds del domicilio fiscal del comercio: Espa\u00f1a con C.I.F. n\u00famero B56691751. En adelante, ALMA RURAL. Puede contactar con ALMA RURAL por [&hellip;]<\/p>\n","protected":false},"author":1,"featured_media":0,"parent":0,"menu_order":0,"comment_status":"closed","ping_status":"closed","template":"","meta":{"_uag_custom_page_level_css":"","site-sidebar-layout":"no-sidebar","site-content-layout":"","ast-site-content-layout":"full-width-container","site-content-style":"default","site-sidebar-style":"default","ast-global-header-display":"","ast-banner-title-visibility":"","ast-main-header-display":"","ast-hfb-above-header-display":"","ast-hfb-below-header-display":"","ast-hfb-mobile-header-display":"","site-post-title":"disabled","ast-breadcrumbs-content":"","ast-featured-img":"disabled","footer-sml-layout":"","ast-disable-related-posts":"","theme-transparent-header-meta":"","adv-header-id-meta":"","stick-header-meta":"","header-above-stick-meta":"","header-main-stick-meta":"","header-below-stick-meta":"","astra-migrate-meta-layouts":"default","ast-page-background-enabled":"default","ast-page-background-meta":{"desktop":{"background-color":"var(--ast-global-color-4)","background-image":"","background-repeat":"repeat","background-position":"center center","background-size":"auto","background-attachment":"scroll","background-type":"","background-media":"","overlay-type":"","overlay-color":"","overlay-opacity":"","overlay-gradient":""},"tablet":{"background-color":"","background-image":"","background-repeat":"repeat","background-position":"center center","background-size":"auto","background-attachment":"scroll","background-type":"","background-media":"","overlay-type":"","overlay-color":"","overlay-opacity":"","overlay-gradient":""},"mobile":{"background-color":"","background-image":"","background-repeat":"repeat","background-position":"center center","background-size":"auto","background-attachment":"scroll","background-type":"","background-media":"","overlay-type":"","overlay-color":"","overlay-opacity":"","overlay-gradient":""}},"ast-content-background-meta":{"desktop":{"background-color":"var(--ast-global-color-5)","background-image":"","background-repeat":"repeat","background-position":"center center","background-size":"auto","background-attachment":"scroll","background-type":"","background-media":"","overlay-type":"","overlay-color":"","overlay-opacity":"","overlay-gradient":""},"tablet":{"background-color":"var(--ast-global-color-5)","background-image":"","background-repeat":"repeat","background-position":"center center","background-size":"auto","background-attachment":"scroll","background-type":"","background-media":"","overlay-type":"","overlay-color":"","overlay-opacity":"","overlay-gradient":""},"mobile":{"background-color":"var(--ast-global-color-5)","background-image":"","background-repeat":"repeat","background-position":"center center","background-size":"auto","background-attachment":"scroll","background-type":"","background-media":"","overlay-type":"","overlay-color":"","overlay-opacity":"","overlay-gradient":""}},"footnotes":""},"class_list":["post-202","page","type-page","status-publish","hentry"],"uagb_featured_image_src":{"full":false,"thumbnail":false,"medium":false,"medium_large":false,"large":false,"1536x1536":false,"2048x2048":false},"uagb_author_info":{"display_name":"Bodega Alma Rural","author_link":"https:\/\/www.almaruralbodega.com\/index.php\/author\/admin\/"},"uagb_comment_info":0,"uagb_excerpt":"Aviso legal \u00a0 DATOS IDENTIFICATIVOS Usted est\u00e1 visitando la p\u00e1gina web https:\/\/www.almaruralbodega.com, titularidad de ALMA RURAL BODEGA S.L., con domicilio social en: Paraje de La Guija, pol\u00edgono 9, parcela 40 05112 Navatalgordo (\u00c1vila) con pa\u00eds del domicilio fiscal del comercio: Espa\u00f1a con C.I.F. n\u00famero B56691751. En adelante, ALMA RURAL. Puede contactar con ALMA RURAL por&hellip;","rttpg_featured_image_url":null,"rttpg_author":{"display_name":"Bodega Alma Rural","author_link":"https:\/\/www.almaruralbodega.com\/index.php\/author\/admin\/"},"rttpg_comment":0,"rttpg_category":null,"rttpg_excerpt":"Aviso legal \u00a0 DATOS IDENTIFICATIVOS Usted est\u00e1 visitando la p\u00e1gina web https:\/\/www.almaruralbodega.com, titularidad de ALMA RURAL BODEGA S.L., con domicilio social en: Paraje de La Guija, pol\u00edgono 9, parcela 40 05112 Navatalgordo (\u00c1vila) con pa\u00eds del domicilio fiscal del comercio: Espa\u00f1a con C.I.F. n\u00famero B56691751. En adelante, ALMA RURAL. Puede contactar con ALMA RURAL por&hellip;","_links":{"self":[{"href":"https:\/\/www.almaruralbodega.com\/index.php\/wp-json\/wp\/v2\/pages\/202","targetHints":{"allow":["GET"]}}],"collection":[{"href":"https:\/\/www.almaruralbodega.com\/index.php\/wp-json\/wp\/v2\/pages"}],"about":[{"href":"https:\/\/www.almaruralbodega.com\/index.php\/wp-json\/wp\/v2\/types\/page"}],"author":[{"embeddable":true,"href":"https:\/\/www.almaruralbodega.com\/index.php\/wp-json\/wp\/v2\/users\/1"}],"replies":[{"embeddable":true,"href":"https:\/\/www.almaruralbodega.com\/index.php\/wp-json\/wp\/v2\/comments?post=202"}],"version-history":[{"count":25,"href":"https:\/\/www.almaruralbodega.com\/index.php\/wp-json\/wp\/v2\/pages\/202\/revisions"}],"predecessor-version":[{"id":951,"href":"https:\/\/www.almaruralbodega.com\/index.php\/wp-json\/wp\/v2\/pages\/202\/revisions\/951"}],"wp:attachment":[{"href":"https:\/\/www.almaruralbodega.com\/index.php\/wp-json\/wp\/v2\/media?parent=202"}],"curies":[{"name":"wp","href":"https:\/\/api.w.org\/{rel}","templated":true}]}}