{"id":229,"date":"2023-11-19T16:41:57","date_gmt":"2023-11-19T16:41:57","guid":{"rendered":"http:\/\/www.almaruralbodega.com\/?page_id=229"},"modified":"2025-08-07T12:01:33","modified_gmt":"2025-08-07T12:01:33","slug":"prohibida-la-venta-de-bebidas-alcoholicas-a-menores","status":"publish","type":"page","link":"https:\/\/www.almaruralbodega.com\/index.php\/prohibida-la-venta-de-bebidas-alcoholicas-a-menores\/","title":{"rendered":"PROHIBIDA LA VENTA DE BEBIDAS ALCOHOLICAS A MENORES"},"content":{"rendered":"\t\t<div data-elementor-type=\"wp-page\" data-elementor-id=\"229\" class=\"elementor elementor-229\" data-elementor-post-type=\"page\">\n\t\t\t\t<div class=\"elementor-element elementor-element-0168f39 e-flex e-con-boxed e-con e-parent\" data-id=\"0168f39\" data-element_type=\"container\" data-e-type=\"container\">\n\t\t\t\t\t<div class=\"e-con-inner\">\n\t\t<div class=\"elementor-element elementor-element-55aecae e-flex e-con-boxed e-con e-child\" data-id=\"55aecae\" data-element_type=\"container\" data-e-type=\"container\" data-settings=\"{&quot;background_background&quot;:&quot;gradient&quot;}\">\n\t\t\t\t\t<div class=\"e-con-inner\">\n\t\t\t\t<div class=\"elementor-element elementor-element-49b0a97 elementor-widget elementor-widget-heading\" data-id=\"49b0a97\" data-element_type=\"widget\" data-e-type=\"widget\" data-widget_type=\"heading.default\">\n\t\t\t\t<div class=\"elementor-widget-container\">\n\t\t\t\t\t<h2 class=\"elementor-heading-title elementor-size-default\">PROHIBIDA LA VENTA DE BEBIDAS ALCOHOLICAS A MENORES DE 18 A\u00d1OS<\/h2>\t\t\t\t<\/div>\n\t\t\t\t<\/div>\n\t\t\t\t\t<\/div>\n\t\t\t\t<\/div>\n\t\t\t\t\t<\/div>\n\t\t\t\t<\/div>\n\t\t<div class=\"elementor-element elementor-element-080fbdd e-flex e-con-boxed e-con e-parent\" data-id=\"080fbdd\" data-element_type=\"container\" data-e-type=\"container\">\n\t\t\t\t\t<div class=\"e-con-inner\">\n\t\t<div class=\"elementor-element elementor-element-84e505a e-flex e-con-boxed e-con e-child\" data-id=\"84e505a\" data-element_type=\"container\" data-e-type=\"container\" data-settings=\"{&quot;background_background&quot;:&quot;gradient&quot;}\">\n\t\t\t\t\t<div class=\"e-con-inner\">\n\t\t\t\t<div class=\"elementor-element elementor-element-b9a8fe1 elementor-widget elementor-widget-text-editor\" data-id=\"b9a8fe1\" data-element_type=\"widget\" data-e-type=\"widget\" data-widget_type=\"text-editor.default\">\n\t\t\t\t<div class=\"elementor-widget-container\">\n\t\t\t\t\t\t\t\t\t<p>\u00a0<\/p><p style=\"font-weight: 400;\">BODEGA ALMA RURAL \u00a0S.L., con CIF: B56691751 direcci\u00f3n postal: Paraje de La Guija, pol\u00edgono 9, parcela 40 05112 Navatalgordo (\u00c1vila) Correo electr\u00f3nico: contacto@almaruralbodega.com<\/p><p style=\"font-weight: 400;\">VENTA DE BEBIDAS ALCOH\u00d3LICAS<\/p><p style=\"font-weight: 400;\">Prohibida la venta de bebidas alcoh\u00f3licas a menores de 18 a\u00f1os con aplicaci\u00f3n a la Ley 5\/2018, de 3 de mayo, de prevenci\u00f3n del consumo de bebidas alcoh\u00f3licas en la infancia y la adolescencia.<\/p>\t\t\t\t\t\t\t\t<\/div>\n\t\t\t\t<\/div>\n\t\t\t\t\t<\/div>\n\t\t\t\t<\/div>\n\t\t\t\t\t<\/div>\n\t\t\t\t<\/div>\n\t\t<div class=\"elementor-element elementor-element-aeedd76 e-flex e-con-boxed e-con e-parent\" data-id=\"aeedd76\" data-element_type=\"container\" data-e-type=\"container\">\n\t\t\t\t\t<div class=\"e-con-inner\">\n\t\t<div class=\"elementor-element elementor-element-31e4394 e-flex e-con-boxed e-con e-child\" data-id=\"31e4394\" data-element_type=\"container\" data-e-type=\"container\">\n\t\t\t\t\t<div class=\"e-con-inner\">\n\t\t\t\t<div class=\"elementor-element elementor-element-10cf9fb elementor-align-center elementor-widget elementor-widget-button\" data-id=\"10cf9fb\" data-element_type=\"widget\" data-e-type=\"widget\" data-widget_type=\"button.default\">\n\t\t\t\t<div class=\"elementor-widget-container\">\n\t\t\t\t\t\t\t\t\t<div class=\"elementor-button-wrapper\">\n\t\t\t\t\t<a class=\"elementor-button elementor-button-link elementor-size-sm\" href=\"https:\/\/www.almaruralbodega.com\">\n\t\t\t\t\t\t<span class=\"elementor-button-content-wrapper\">\n\t\t\t\t\t\t\t\t\t<span class=\"elementor-button-text\">S\u00c1CAME DE AQU\u00cd<\/span>\n\t\t\t\t\t<\/span>\n\t\t\t\t\t<\/a>\n\t\t\t\t<\/div>\n\t\t\t\t\t\t\t\t<\/div>\n\t\t\t\t<\/div>\n\t\t\t\t\t<\/div>\n\t\t\t\t<\/div>\n\t\t\t\t\t<\/div>\n\t\t\t\t<\/div>\n\t\t\t\t<\/div>\n\t\t","protected":false},"excerpt":{"rendered":"<p>PROHIBIDA LA VENTA DE BEBIDAS ALCOHOLICAS A MENORES DE 18 A\u00d1OS \u00a0 BODEGA ALMA RURAL \u00a0S.L., con CIF: B56691751 direcci\u00f3n postal: Paraje de La Guija, pol\u00edgono 9, parcela 40 05112 Navatalgordo (\u00c1vila) Correo electr\u00f3nico: contacto@almaruralbodega.com VENTA DE BEBIDAS ALCOH\u00d3LICAS Prohibida la venta de bebidas alcoh\u00f3licas a menores de 18 a\u00f1os con aplicaci\u00f3n a la Ley [&hellip;]<\/p>\n","protected":false},"author":1,"featured_media":0,"parent":0,"menu_order":0,"comment_status":"closed","ping_status":"closed","template":"","meta":{"_uag_custom_page_level_css":"","site-sidebar-layout":"no-sidebar","site-content-layout":"","ast-site-content-layout":"full-width-container","site-content-style":"default","site-sidebar-style":"default","ast-global-header-display":"","ast-banner-title-visibility":"","ast-main-header-display":"","ast-hfb-above-header-display":"","ast-hfb-below-header-display":"","ast-hfb-mobile-header-display":"","site-post-title":"disabled","ast-breadcrumbs-content":"","ast-featured-img":"disabled","footer-sml-layout":"","ast-disable-related-posts":"","theme-transparent-header-meta":"","adv-header-id-meta":"","stick-header-meta":"","header-above-stick-meta":"","header-main-stick-meta":"","header-below-stick-meta":"","astra-migrate-meta-layouts":"default","ast-page-background-enabled":"default","ast-page-background-meta":{"desktop":{"background-color":"var(--ast-global-color-4)","background-image":"","background-repeat":"repeat","background-position":"center center","background-size":"auto","background-attachment":"scroll","background-type":"","background-media":"","overlay-type":"","overlay-color":"","overlay-opacity":"","overlay-gradient":""},"tablet":{"background-color":"","background-image":"","background-repeat":"repeat","background-position":"center center","background-size":"auto","background-attachment":"scroll","background-type":"","background-media":"","overlay-type":"","overlay-color":"","overlay-opacity":"","overlay-gradient":""},"mobile":{"background-color":"","background-image":"","background-repeat":"repeat","background-position":"center center","background-size":"auto","background-attachment":"scroll","background-type":"","background-media":"","overlay-type":"","overlay-color":"","overlay-opacity":"","overlay-gradient":""}},"ast-content-background-meta":{"desktop":{"background-color":"var(--ast-global-color-5)","background-image":"","background-repeat":"repeat","background-position":"center center","background-size":"auto","background-attachment":"scroll","background-type":"","background-media":"","overlay-type":"","overlay-color":"","overlay-opacity":"","overlay-gradient":""},"tablet":{"background-color":"var(--ast-global-color-5)","background-image":"","background-repeat":"repeat","background-position":"center center","background-size":"auto","background-attachment":"scroll","background-type":"","background-media":"","overlay-type":"","overlay-color":"","overlay-opacity":"","overlay-gradient":""},"mobile":{"background-color":"var(--ast-global-color-5)","background-image":"","background-repeat":"repeat","background-position":"center center","background-size":"auto","background-attachment":"scroll","background-type":"","background-media":"","overlay-type":"","overlay-color":"","overlay-opacity":"","overlay-gradient":""}},"footnotes":""},"class_list":["post-229","page","type-page","status-publish","hentry"],"uagb_featured_image_src":{"full":false,"thumbnail":false,"medium":false,"medium_large":false,"large":false,"1536x1536":false,"2048x2048":false},"uagb_author_info":{"display_name":"Bodega Alma Rural","author_link":"https:\/\/www.almaruralbodega.com\/index.php\/author\/admin\/"},"uagb_comment_info":0,"uagb_excerpt":"PROHIBIDA LA VENTA DE BEBIDAS ALCOHOLICAS A MENORES DE 18 A\u00d1OS \u00a0 BODEGA ALMA RURAL \u00a0S.L., con CIF: B56691751 direcci\u00f3n postal: Paraje de La Guija, pol\u00edgono 9, parcela 40 05112 Navatalgordo (\u00c1vila) Correo electr\u00f3nico: contacto@almaruralbodega.com VENTA DE BEBIDAS ALCOH\u00d3LICAS Prohibida la venta de bebidas alcoh\u00f3licas a menores de 18 a\u00f1os con aplicaci\u00f3n a la Ley&hellip;","rttpg_featured_image_url":null,"rttpg_author":{"display_name":"Bodega Alma Rural","author_link":"https:\/\/www.almaruralbodega.com\/index.php\/author\/admin\/"},"rttpg_comment":0,"rttpg_category":null,"rttpg_excerpt":"PROHIBIDA LA VENTA DE BEBIDAS ALCOHOLICAS A MENORES DE 18 A\u00d1OS \u00a0 BODEGA ALMA RURAL \u00a0S.L., con CIF: B56691751 direcci\u00f3n postal: Paraje de La Guija, pol\u00edgono 9, parcela 40 05112 Navatalgordo (\u00c1vila) Correo electr\u00f3nico: contacto@almaruralbodega.com VENTA DE BEBIDAS ALCOH\u00d3LICAS Prohibida la venta de bebidas alcoh\u00f3licas a menores de 18 a\u00f1os con aplicaci\u00f3n a la Ley&hellip;","_links":{"self":[{"href":"https:\/\/www.almaruralbodega.com\/index.php\/wp-json\/wp\/v2\/pages\/229","targetHints":{"allow":["GET"]}}],"collection":[{"href":"https:\/\/www.almaruralbodega.com\/index.php\/wp-json\/wp\/v2\/pages"}],"about":[{"href":"https:\/\/www.almaruralbodega.com\/index.php\/wp-json\/wp\/v2\/types\/page"}],"author":[{"embeddable":true,"href":"https:\/\/www.almaruralbodega.com\/index.php\/wp-json\/wp\/v2\/users\/1"}],"replies":[{"embeddable":true,"href":"https:\/\/www.almaruralbodega.com\/index.php\/wp-json\/wp\/v2\/comments?post=229"}],"version-history":[{"count":19,"href":"https:\/\/www.almaruralbodega.com\/index.php\/wp-json\/wp\/v2\/pages\/229\/revisions"}],"predecessor-version":[{"id":1011,"href":"https:\/\/www.almaruralbodega.com\/index.php\/wp-json\/wp\/v2\/pages\/229\/revisions\/1011"}],"wp:attachment":[{"href":"https:\/\/www.almaruralbodega.com\/index.php\/wp-json\/wp\/v2\/media?parent=229"}],"curies":[{"name":"wp","href":"https:\/\/api.w.org\/{rel}","templated":true}]}}